{"id":59,"date":"2020-06-03T14:28:07","date_gmt":"2020-06-03T14:28:07","guid":{"rendered":"http:\/\/site.digitaley.de\/?page_id=59"},"modified":"2022-02-22T14:02:56","modified_gmt":"2022-02-22T13:02:56","slug":"ueber-uns","status":"publish","type":"page","link":"https:\/\/www.den-ug.de\/?page_id=59","title":{"rendered":"\u00dcber uns"},"content":{"rendered":"<div data-colibri-id=\"59-c1\" class=\"style-754 style-local-59-c1 position-relative\">\n  <!---->\n  <div data-colibri-component=\"section\" data-colibri-id=\"59-c2\" id=\"initial-content\" class=\"h-section h-section-global-spacing d-flex align-items-lg-center align-items-md-center align-items-center style-755 style-local-59-c2 position-relative\">\n    <!---->\n    <!---->\n    <div class=\"h-section-grid-container h-section-boxed-container\">\n      <!---->\n      <div data-colibri-id=\"59-c3\" class=\"h-row-container gutters-row-lg-2 gutters-row-md-2 gutters-row-0 gutters-row-v-lg-2 gutters-row-v-md-2 gutters-row-v-2 style-756 style-local-59-c3 position-relative\">\n        <!---->\n        <div class=\"h-row justify-content-lg-center justify-content-md-center justify-content-center align-items-lg-stretch align-items-md-stretch align-items-stretch gutters-col-lg-2 gutters-col-md-2 gutters-col-0 gutters-col-v-lg-2 gutters-col-v-md-2 gutters-col-v-2\">\n          <!---->\n          <div class=\"h-column h-column-container d-flex h-col-lg-auto h-col-md-auto h-col-auto style-757-outer style-local-59-c4-outer\">\n            <div data-colibri-id=\"59-c4\" class=\"d-flex h-flex-basis h-column__inner h-px-lg-2 h-px-md-2 h-px-2 v-inner-lg-2 v-inner-md-2 v-inner-2 style-757 style-local-59-c4 position-relative\">\n              <!---->\n              <!---->\n              <div class=\"w-100 h-y-container h-column__content h-column__v-align flex-basis-100 align-self-lg-start align-self-md-start align-self-start\">\n                <!---->\n                <div data-colibri-id=\"59-c8\" class=\"h-text h-text-component style-1580 style-local-59-c8 position-relative h-element\">\n                  <!---->\n                  <!---->\n                  <div class=\"\">\n                    <h2>Don\u2019t bore us \u2013 get to the chorus\u2026<\/h2>\n                    <ul>\n                      <li>1996 Ausbildung zum Rechtsanwalts- und Notariatsfachangestellten<\/li>\n                      <li>2000 T\u00e4tigkeit in einer Webdesign-Agentur<\/li>\n                      <li>2002 T\u00e4tigkeit als IT-Systemtechniker<\/li>\n                      <li>2004 Gr\u00fcndung des eigenen IT-Systemhauses<\/li>\n                    <\/ul>\n                  <\/div>\n                <\/div>\n              <\/div>\n            <\/div>\n          <\/div>\n          <div class=\"h-column h-column-container d-flex h-col-lg-auto h-col-md-auto h-col-auto style-759-outer style-local-59-c6-outer\">\n            <div data-colibri-id=\"59-c6\" class=\"d-flex h-flex-basis h-column__inner h-px-lg-2 h-px-md-2 h-px-2 v-inner-lg-2 v-inner-md-2 v-inner-2 style-759 style-local-59-c6 position-relative\">\n              <!---->\n              <!---->\n              <div class=\"w-100 h-y-container h-column__content h-column__v-align flex-basis-100 align-self-lg-start align-self-md-start align-self-start\">\n                <!---->\n                <div data-colibri-id=\"59-c7\" class=\"d-block style-760 style-local-59-c7 position-relative h-element\">\n                  <!---->\n                  <div class=\"h-image__frame-container-outer\">\n                    <div class=\"h-image__frame-container\">\n                      <!---->\n                      <!---->\n                      <img decoding=\"async\" width=\"1365\" height=\"1367\" data-src=\"https:\/\/www.den-ug.de\/wp-content\/uploads\/2020\/06\/cropped-IMG_9088-3.jpg\" class=\"wp-image-2309 style-760-image style-local-59-c7-image lazyload\" alt=\"\" data-srcset=\"https:\/\/www.den-ug.de\/wp-content\/uploads\/2020\/06\/cropped-IMG_9088-3.jpg 1365w, https:\/\/www.den-ug.de\/wp-content\/uploads\/2020\/06\/cropped-IMG_9088-3-300x300.jpg 300w, https:\/\/www.den-ug.de\/wp-content\/uploads\/2020\/06\/cropped-IMG_9088-3-150x150.jpg 150w, https:\/\/www.den-ug.de\/wp-content\/uploads\/2020\/06\/cropped-IMG_9088-3-768x769.jpg 768w\" data-sizes=\"(max-width: 1365px) 100vw, 1365px\" src=\"data:image\/svg+xml;base64,PHN2ZyB3aWR0aD0iMSIgaGVpZ2h0PSIxIiB4bWxucz0iaHR0cDovL3d3dy53My5vcmcvMjAwMC9zdmciPjwvc3ZnPg==\" style=\"--smush-placeholder-width: 1365px; --smush-placeholder-aspect-ratio: 1365\/1367;\" \/>\n                      <div class=\"h-image__frame h-image__frame_shadow style-760-frameImage style-local-59-c7-frameImage\"><\/div>\n                    <\/div>\n                  <\/div>\n                <\/div>\n              <\/div>\n            <\/div>\n          <\/div>\n        <\/div>\n      <\/div>\n    <\/div>\n  <\/div>\n<\/div>","protected":false},"excerpt":{"rendered":"<p>Don\u2019t bore us \u2013 get to the chorus\u2026 1996 Ausbildung zum Rechtsanwalts- und Notariatsfachangestellten 2000 T\u00e4tigkeit in einer Webdesign-Agentur 2002 T\u00e4tigkeit als IT-Systemtechniker 2004 Gr\u00fcndung des eigenen IT-Systemhauses<\/p>\n","protected":false},"author":1,"featured_media":0,"parent":0,"menu_order":0,"comment_status":"closed","ping_status":"closed","template":"page-templates\/full-width-page.php","meta":{"_uag_custom_page_level_css":"","footnotes":""},"class_list":["post-59","page","type-page","status-publish","hentry"],"uagb_featured_image_src":{"full":false,"thumbnail":false,"medium":false,"medium_large":false,"large":false,"1536x1536":false,"2048x2048":false},"uagb_author_info":{"display_name":"neumann","author_link":"https:\/\/www.den-ug.de\/?author=1"},"uagb_comment_info":0,"uagb_excerpt":"Don\u2019t bore us \u2013 get to the chorus\u2026 1996 Ausbildung zum Rechtsanwalts- und Notariatsfachangestellten 2000 T\u00e4tigkeit in einer Webdesign-Agentur 2002 T\u00e4tigkeit als IT-Systemtechniker 2004 Gr\u00fcndung des eigenen IT-Systemhauses","_links":{"self":[{"href":"https:\/\/www.den-ug.de\/index.php?rest_route=\/wp\/v2\/pages\/59","targetHints":{"allow":["GET"]}}],"collection":[{"href":"https:\/\/www.den-ug.de\/index.php?rest_route=\/wp\/v2\/pages"}],"about":[{"href":"https:\/\/www.den-ug.de\/index.php?rest_route=\/wp\/v2\/types\/page"}],"author":[{"embeddable":true,"href":"https:\/\/www.den-ug.de\/index.php?rest_route=\/wp\/v2\/users\/1"}],"replies":[{"embeddable":true,"href":"https:\/\/www.den-ug.de\/index.php?rest_route=%2Fwp%2Fv2%2Fcomments&post=59"}],"version-history":[{"count":14,"href":"https:\/\/www.den-ug.de\/index.php?rest_route=\/wp\/v2\/pages\/59\/revisions"}],"predecessor-version":[{"id":3293,"href":"https:\/\/www.den-ug.de\/index.php?rest_route=\/wp\/v2\/pages\/59\/revisions\/3293"}],"wp:attachment":[{"href":"https:\/\/www.den-ug.de\/index.php?rest_route=%2Fwp%2Fv2%2Fmedia&parent=59"}],"curies":[{"name":"wp","href":"https:\/\/api.w.org\/{rel}","templated":true}]}}